{"id":2,"date":"2009-04-09T01:26:58","date_gmt":"2009-04-08T23:26:58","guid":{"rendered":"http:\/\/www.nematoder.se\/blogg\/?page_id=2"},"modified":"2010-05-13T19:14:01","modified_gmt":"2010-05-13T17:14:01","slug":"om","status":"publish","type":"page","link":"http:\/\/www.nematoder.se\/blogg\/om\/","title":{"rendered":"Om bloggen"},"content":{"rendered":"<p>H\u00e4r skrivs det om nematoder och andra metoder mot m\u00f6rdarsniglar. Nyheter blandas med praktiska tips p\u00e5 hur du b\u00e4st bek\u00e4mpar sniglarna. Har du egna tips som du tycker passar h\u00e4r? Skriv en kommentar nedan eller maila till anders (snabel-a) nematoder.se<\/p>\n<p>Om du vill veta mer om nematoder och hur de fungerar, bes\u00f6k <a title=\"Nematoder mot m\u00f6rdarsniglar\" href=\"http:\/\/www.nematoder.se\">nematoder.se<\/a>.<\/p>\n","protected":false},"excerpt":{"rendered":"<p>H\u00e4r skrivs det om nematoder och andra metoder mot m\u00f6rdarsniglar. Nyheter blandas med praktiska tips p\u00e5 hur du b\u00e4st bek\u00e4mpar sniglarna. Har du egna tips som du tycker passar h\u00e4r? Skriv en kommentar nedan eller maila till anders (snabel-a) nematoder.se Om du vill veta mer om nematoder och hur de fungerar, bes\u00f6k nematoder.se.<\/p>\n","protected":false},"author":2,"featured_media":0,"parent":0,"menu_order":0,"comment_status":"open","ping_status":"open","template":"","meta":[],"_links":{"self":[{"href":"http:\/\/www.nematoder.se\/blogg\/wp-json\/wp\/v2\/pages\/2"}],"collection":[{"href":"http:\/\/www.nematoder.se\/blogg\/wp-json\/wp\/v2\/pages"}],"about":[{"href":"http:\/\/www.nematoder.se\/blogg\/wp-json\/wp\/v2\/types\/page"}],"author":[{"embeddable":true,"href":"http:\/\/www.nematoder.se\/blogg\/wp-json\/wp\/v2\/users\/2"}],"replies":[{"embeddable":true,"href":"http:\/\/www.nematoder.se\/blogg\/wp-json\/wp\/v2\/comments?post=2"}],"version-history":[{"count":5,"href":"http:\/\/www.nematoder.se\/blogg\/wp-json\/wp\/v2\/pages\/2\/revisions"}],"predecessor-version":[{"id":3,"href":"http:\/\/www.nematoder.se\/blogg\/wp-json\/wp\/v2\/pages\/2\/revisions\/3"}],"wp:attachment":[{"href":"http:\/\/www.nematoder.se\/blogg\/wp-json\/wp\/v2\/media?parent=2"}],"curies":[{"name":"wp","href":"https:\/\/api.w.org\/{rel}","templated":true}]}}