{"id":23,"date":"2009-04-21T00:38:53","date_gmt":"2009-04-20T22:38:53","guid":{"rendered":"http:\/\/www.nematoder.se\/blogg\/?page_id=23"},"modified":"2009-04-21T00:38:53","modified_gmt":"2009-04-20T22:38:53","slug":"kombinera-nemaslug-och-snigelfritt","status":"publish","type":"page","link":"http:\/\/www.nematoder.se\/blogg\/kombinera-nemaslug-och-snigelfritt\/","title":{"rendered":"Kombinera Nemaslug och Snigelfritt"},"content":{"rendered":"<p>M\u00e5nga som bek\u00e4mpar sniglar f\u00e5r ett bra resultat genom att kombinera Nemaslug och Snigelfritt (medel med j\u00e4rnfosfat). Medlen har var f\u00f6r sig i korthet f\u00f6ljande f\u00f6rdelar som g\u00f6r att de kompletterar varandra bra:<\/p>\n<ul>\n<li>Nemaslug verkar f\u00f6rebyggande och verkar under jord, d\u00e4r andra medel inte fungerar. Nematoderna verkar innan sniglarna blivit fullvuxna och innan problemet kommit till ytan s\u00e5 att s\u00e4ga.<\/li>\n<li>Snigelfritt verkar \u00e4ven p\u00e5 riktigt stora sniglar (som inte Nemaslug biter p\u00e5) och Snigelfritt \u00e4r l\u00e4tt att anv\u00e4nda f\u00f6r &#8221;punktinsatser&#8221;.<\/li>\n<\/ul>\n<p>Om man har problem med sniglar som kryper in p\u00e5 tomten och man vet ungef\u00e4r var de kryper in, d\u00e5 skulle jag rekommendera att placera ut en laddning Snigelfritt vid tomtgr\u00e4nsen d\u00e4r sniglarna kryper in. L\u00e4mpligen skyddar man ocks\u00e5 medlet mot regn och andra djur med n\u00e5gon l\u00e5da, t.ex. <a title=\"Snigelbar\" href=\"http:\/\/www.snigelbaren.se\/\" target=\"_blank\">Gr\u00f6na Mathilda<\/a> eller min f\u00f6reslagna konstruktion, en <a href=\"http:\/\/www.nematoder.se\/bygg-anders-snigelkiosk.php\">Snigelkiosk f\u00f6r snigelfritt<\/a> (det g\u00e5r bra att skippa tejpen). Ett annat alternativ f\u00f6r bek\u00e4mpning kring tomtgr\u00e4nsen \u00e4r att anv\u00e4nda <a title=\"Snigelstav, Snailex garden\" href=\"http:\/\/www.nematoder.se\/bestall-snailex-garden.php\">snigelstaven Snailex garden<\/a>.<\/p>\n","protected":false},"excerpt":{"rendered":"<p>M\u00e5nga som bek\u00e4mpar sniglar f\u00e5r ett bra resultat genom att kombinera Nemaslug och Snigelfritt (medel med j\u00e4rnfosfat). Medlen har var f\u00f6r sig i korthet f\u00f6ljande f\u00f6rdelar som g\u00f6r att de kompletterar varandra bra: Nemaslug verkar f\u00f6rebyggande och verkar under jord, d\u00e4r andra medel inte fungerar. Nematoderna verkar innan sniglarna blivit fullvuxna och innan problemet kommit [&hellip;]<\/p>\n","protected":false},"author":2,"featured_media":0,"parent":0,"menu_order":0,"comment_status":"open","ping_status":"open","template":"","meta":[],"_links":{"self":[{"href":"http:\/\/www.nematoder.se\/blogg\/wp-json\/wp\/v2\/pages\/23"}],"collection":[{"href":"http:\/\/www.nematoder.se\/blogg\/wp-json\/wp\/v2\/pages"}],"about":[{"href":"http:\/\/www.nematoder.se\/blogg\/wp-json\/wp\/v2\/types\/page"}],"author":[{"embeddable":true,"href":"http:\/\/www.nematoder.se\/blogg\/wp-json\/wp\/v2\/users\/2"}],"replies":[{"embeddable":true,"href":"http:\/\/www.nematoder.se\/blogg\/wp-json\/wp\/v2\/comments?post=23"}],"version-history":[{"count":4,"href":"http:\/\/www.nematoder.se\/blogg\/wp-json\/wp\/v2\/pages\/23\/revisions"}],"predecessor-version":[{"id":27,"href":"http:\/\/www.nematoder.se\/blogg\/wp-json\/wp\/v2\/pages\/23\/revisions\/27"}],"wp:attachment":[{"href":"http:\/\/www.nematoder.se\/blogg\/wp-json\/wp\/v2\/media?parent=23"}],"curies":[{"name":"wp","href":"https:\/\/api.w.org\/{rel}","templated":true}]}}